{"id":669,"date":"2019-01-23T18:18:14","date_gmt":"2019-01-23T17:18:14","guid":{"rendered":"https:\/\/www.roteco.ch\/?page_id=669"},"modified":"2025-09-16T13:58:19","modified_gmt":"2025-09-16T12:58:19","slug":"registrieren","status":"publish","type":"page","link":"https:\/\/www.roteco.ch\/de\/registrieren\/","title":{"rendered":"Registrieren"},"content":{"rendered":"<p><strong>Roteco<\/strong> ist eine Schweizer Plattform, die sich an Lehrpersonen und Fachleute wendet, die p\u00e4dagogische Aktivit\u00e4ten in den Bereichen Lernrobotik, Making und Informatik entwickeln und austauschen m\u00f6chten.<\/p>\n<p>Auf roteco.ch werden Sie zudem \u00fcber die neuesten Nachrichten und Kurse in diesen Bereichen informiert.<\/p>\n<p>Um der Community beizutreten, f\u00fcllen Sie die Felder aus und melden Sie sich an. Sie erhalten sofort uneingeschr\u00e4nkte Einsicht in die Plattform. Ihr Konto wird von den Mitarbeitenden von Roteco so schnell wie m\u00f6glich validiert und Sie werden per E-Mail benachrichtigt.<\/p>\n<p>&nbsp;<\/p>\n<p><strong>!!!ACHTUNG!!!<\/strong><\/p>\n<p>Es scheint <strong>Probleme mit der Registrierung<\/strong> zu geben. Sollte die Registrierung bei Ihnen nicht funktionieren, dann schreiben Sie bitte kurz eine Email an info@roteco.ch (Betreff: &#8222;Probleme mit Registrierung&#8220;) mit Ihrem Vornamen, Namen, sowie der gew\u00fcnschten Mail-Adresse. Dann richten wir f\u00fcr Sie manuell ein Konto ein.<\/p>\n","protected":false},"excerpt":{"rendered":"<p>Roteco ist eine Schweizer Plattform, die sich an Lehrpersonen und Fachleute wendet, die p\u00e4dagogische Aktivit\u00e4ten in den Bereichen Lernrobotik, Making und Informatik entwickeln und austauschen m\u00f6chten. Auf roteco.ch werden Sie zudem \u00fcber die neuesten Nachrichten und Kurse in diesen Bereichen informiert. Um der Community beizutreten, f\u00fcllen Sie die Felder aus und melden Sie sich an. [&hellip;]<\/p>\n","protected":false},"author":1,"featured_media":0,"parent":0,"menu_order":13,"comment_status":"open","ping_status":"closed","template":"page-templates\/registration.php","meta":{"titles":[{"title":{"title":"ANMELDEN","url":"https:\/\/www.roteco.ch\/de\/anmelden\/","target":""},"active":false},{"title":{"title":"REGISTRIEREN","url":"https:\/\/www.roteco.ch\/de\/registrieren\/","target":""},"active":true}],"subpage":""},"acf":[],"_links":{"self":[{"href":"https:\/\/www.roteco.ch\/de\/wp-json\/wp\/v2\/pages\/669"}],"collection":[{"href":"https:\/\/www.roteco.ch\/de\/wp-json\/wp\/v2\/pages"}],"about":[{"href":"https:\/\/www.roteco.ch\/de\/wp-json\/wp\/v2\/types\/page"}],"author":[{"embeddable":true,"href":"https:\/\/www.roteco.ch\/de\/wp-json\/wp\/v2\/users\/1"}],"replies":[{"embeddable":true,"href":"https:\/\/www.roteco.ch\/de\/wp-json\/wp\/v2\/comments?post=669"}],"version-history":[{"count":18,"href":"https:\/\/www.roteco.ch\/de\/wp-json\/wp\/v2\/pages\/669\/revisions"}],"predecessor-version":[{"id":32686,"href":"https:\/\/www.roteco.ch\/de\/wp-json\/wp\/v2\/pages\/669\/revisions\/32686"}],"wp:attachment":[{"href":"https:\/\/www.roteco.ch\/de\/wp-json\/wp\/v2\/media?parent=669"}],"curies":[{"name":"wp","href":"https:\/\/api.w.org\/{rel}","templated":true}]}}