{"id":616,"date":"2019-01-23T12:48:08","date_gmt":"2019-01-23T11:48:08","guid":{"rendered":"https:\/\/www.roteco.ch\/?page_id=616"},"modified":"2025-09-16T13:58:58","modified_gmt":"2025-09-16T12:58:58","slug":"sinscrire","status":"publish","type":"page","link":"https:\/\/www.roteco.ch\/fr\/sinscrire\/","title":{"rendered":"S&rsquo;inscrire"},"content":{"rendered":"<p><strong>Roteco<\/strong> est la plateforme suisse d\u00e9di\u00e9e aux enseignants et aux professionnels qui souhaitent d\u00e9velopper et \u00e9changer des activit\u00e9s p\u00e9dagogiques li\u00e9es \u00e0 la robotique et \u00e0 l&rsquo;informatique \u00e9ducatives pr\u00eates \u00e0 \u00eatre utilis\u00e9es en classe.<\/p>\n<p>Sur Roteco.ch, ils sont inform\u00e9s des derni\u00e8res nouvelles et des cours dans ces domaines.<\/p>\n<p>Pour rejoindre la communaut\u00e9, veuillez remplir les champs et vous connecter. Vous aurez un acc\u00e8s imm\u00e9diat \u00e0 la plateforme avec une visibilit\u00e9 totale de tous les domaines. Votre compte sera valid\u00e9 dans les plus brefs d\u00e9lais par le personnel de Roteco et vous serez avis\u00e9 par courriel. A partir de ce moment, vous aurez acc\u00e8s \u00e0 tout le potentiel de la communaut\u00e9 gr\u00e2ce aux nombreuses fonctionnalit\u00e9s op\u00e9rationnelles disponibles sur la plateforme.<\/p>\n<p>\u26a0\ufe0f\ud83d\udd14 ATTENTION \ud83d\udd14\u26a0\ufe0f<\/p>\n<p><strong>Nous rencontrons actuellement des probl\u00e8mes avec l&rsquo;enregistrement. Si vous ne parvenez pas \u00e0 vous enregistrer, veuillez nous envoyer un e-mail rapide \u00e0 info@roteco.ch (objet : \u00ab\u00a0Probl\u00e8mes d&rsquo;enregistrement\u00a0\u00bb) avec votre pr\u00e9nom, nom et l&rsquo;adresse e-mail souhait\u00e9e. Nous cr\u00e9erons manuellement un compte pour vous.<\/strong><\/p>\n","protected":false},"excerpt":{"rendered":"<p>Roteco est la plateforme suisse d\u00e9di\u00e9e aux enseignants et aux professionnels qui souhaitent d\u00e9velopper et \u00e9changer des activit\u00e9s p\u00e9dagogiques li\u00e9es \u00e0 la robotique et \u00e0 l&rsquo;informatique \u00e9ducatives pr\u00eates \u00e0 \u00eatre utilis\u00e9es en classe. Sur Roteco.ch, ils sont inform\u00e9s des derni\u00e8res nouvelles et des cours dans ces domaines. Pour rejoindre la communaut\u00e9, veuillez remplir les champs [&hellip;]<\/p>\n","protected":false},"author":1,"featured_media":0,"parent":0,"menu_order":13,"comment_status":"open","ping_status":"closed","template":"page-templates\/registration.php","meta":{"titles":[{"title":{"title":"SE CONNECTER","url":"https:\/\/www.roteco.ch\/fr\/se-connecter\/","target":""},"active":false},{"title":{"title":"S\u2019INSCRIRE","url":"https:\/\/www.roteco.ch\/fr\/sinscrire\/","target":""},"active":true}],"subpage":""},"acf":[],"_links":{"self":[{"href":"https:\/\/www.roteco.ch\/fr\/wp-json\/wp\/v2\/pages\/616"}],"collection":[{"href":"https:\/\/www.roteco.ch\/fr\/wp-json\/wp\/v2\/pages"}],"about":[{"href":"https:\/\/www.roteco.ch\/fr\/wp-json\/wp\/v2\/types\/page"}],"author":[{"embeddable":true,"href":"https:\/\/www.roteco.ch\/fr\/wp-json\/wp\/v2\/users\/1"}],"replies":[{"embeddable":true,"href":"https:\/\/www.roteco.ch\/fr\/wp-json\/wp\/v2\/comments?post=616"}],"version-history":[{"count":12,"href":"https:\/\/www.roteco.ch\/fr\/wp-json\/wp\/v2\/pages\/616\/revisions"}],"predecessor-version":[{"id":32687,"href":"https:\/\/www.roteco.ch\/fr\/wp-json\/wp\/v2\/pages\/616\/revisions\/32687"}],"wp:attachment":[{"href":"https:\/\/www.roteco.ch\/fr\/wp-json\/wp\/v2\/media?parent=616"}],"curies":[{"name":"wp","href":"https:\/\/api.w.org\/{rel}","templated":true}]}}